{"id":853,"date":"2024-10-03T20:47:10","date_gmt":"2024-10-03T19:47:10","guid":{"rendered":"https:\/\/valero-capital.com\/quienes-somos\/"},"modified":"2024-11-15T12:07:08","modified_gmt":"2024-11-15T12:07:08","slug":"who-we-are","status":"publish","type":"page","link":"https:\/\/valero-capital.com\/en\/who-we-are\/","title":{"rendered":"Who we are"},"content":{"rendered":"\t\t<div data-elementor-type=\"wp-page\" data-elementor-id=\"853\" class=\"elementor elementor-853 elementor-47\" data-elementor-post-type=\"page\">\n\t\t\t\t\t\t<section class=\"elementor-section elementor-top-section elementor-element elementor-element-2971cd44 elementor-section-boxed elementor-section-height-default elementor-section-height-default\" data-id=\"2971cd44\" data-element_type=\"section\" data-settings=\"{&quot;background_background&quot;:&quot;classic&quot;}\">\n\t\t\t\t\t\t\t<div class=\"elementor-background-overlay\"><\/div>\n\t\t\t\t\t\t\t<div class=\"elementor-container elementor-column-gap-default\">\n\t\t\t\t\t<div class=\"elementor-column elementor-col-100 elementor-top-column elementor-element elementor-element-680d75b9\" data-id=\"680d75b9\" data-element_type=\"column\">\n\t\t\t<div class=\"elementor-widget-wrap elementor-element-populated\">\n\t\t\t\t\t\t<div class=\"elementor-element elementor-element-4b66244c elementor-widget elementor-widget-heading\" data-id=\"4b66244c\" data-element_type=\"widget\" data-widget_type=\"heading.default\">\n\t\t\t\t<div class=\"elementor-widget-container\">\n\t\t\t<h2 class=\"elementor-heading-title elementor-size-default\">Who we are<\/h2>\t\t<\/div>\n\t\t\t\t<\/div>\n\t\t\t\t\t<\/div>\n\t\t<\/div>\n\t\t\t\t\t<\/div>\n\t\t<\/section>\n\t\t\t\t<section class=\"elementor-section elementor-top-section elementor-element elementor-element-0564c41 elementor-section-content-middle elementor-section-boxed elementor-section-height-default elementor-section-height-default\" data-id=\"0564c41\" data-element_type=\"section\">\n\t\t\t\t\t\t<div class=\"elementor-container elementor-column-gap-default\">\n\t\t\t\t\t<div class=\"elementor-column elementor-col-50 elementor-top-column elementor-element elementor-element-cf20562\" data-id=\"cf20562\" data-element_type=\"column\" data-settings=\"{&quot;background_background&quot;:&quot;classic&quot;}\">\n\t\t\t<div class=\"elementor-widget-wrap elementor-element-populated\">\n\t\t\t\t\t\t<div class=\"elementor-element elementor-element-009c899 elementor-widget elementor-widget-image\" data-id=\"009c899\" data-element_type=\"widget\" data-widget_type=\"image.default\">\n\t\t\t\t<div class=\"elementor-widget-container\">\n\t\t\t\t\t\t\t\t\t\t\t\t\t<img fetchpriority=\"high\" decoding=\"async\" width=\"800\" height=\"864\" src=\"https:\/\/valero-capital.com\/wp-content\/uploads\/2024\/10\/IMG_9916.jpeg-948x1024.jpg\" class=\"attachment-large size-large wp-image-781\" alt=\"\" srcset=\"https:\/\/valero-capital.com\/wp-content\/uploads\/2024\/10\/IMG_9916.jpeg-948x1024.jpg 948w, https:\/\/valero-capital.com\/wp-content\/uploads\/2024\/10\/IMG_9916.jpeg-278x300.jpg 278w, https:\/\/valero-capital.com\/wp-content\/uploads\/2024\/10\/IMG_9916.jpeg-768x829.jpg 768w, https:\/\/valero-capital.com\/wp-content\/uploads\/2024\/10\/IMG_9916.jpeg-1423x1536.jpg 1423w, https:\/\/valero-capital.com\/wp-content\/uploads\/2024\/10\/IMG_9916.jpeg-1897x2048.jpg 1897w\" sizes=\"(max-width: 800px) 100vw, 800px\" \/>\t\t\t\t\t\t\t\t\t\t\t\t\t<\/div>\n\t\t\t\t<\/div>\n\t\t\t\t\t<\/div>\n\t\t<\/div>\n\t\t\t\t<div class=\"elementor-column elementor-col-50 elementor-top-column elementor-element elementor-element-66f6d75\" data-id=\"66f6d75\" data-element_type=\"column\">\n\t\t\t<div class=\"elementor-widget-wrap elementor-element-populated\">\n\t\t\t\t\t\t<div class=\"elementor-element elementor-element-569adc6 elementor-invisible elementor-widget elementor-widget-jkit_heading\" data-id=\"569adc6\" data-element_type=\"widget\" data-settings=\"{&quot;_animation&quot;:&quot;fadeInDown&quot;}\" data-widget_type=\"jkit_heading.default\">\n\t\t\t\t<div class=\"elementor-widget-container\">\n\t\t\t<div  class=\"jeg-elementor-kit jkit-heading  align- align-tablet- align-mobile- jeg_module___69e4df2fd2cb9\" ><div class=\"heading-section-title  display-inline-block\"><h5 class=\"heading-title\"><span class=\"style-color\"><span>Who we are<\/span><\/span><\/h5><\/div><\/div>\t\t<\/div>\n\t\t\t\t<\/div>\n\t\t\t\t<div class=\"elementor-element elementor-element-394f121 elementor-widget elementor-widget-heading\" data-id=\"394f121\" data-element_type=\"widget\" data-widget_type=\"heading.default\">\n\t\t\t\t<div class=\"elementor-widget-container\">\n\t\t\t<h2 class=\"elementor-heading-title elementor-size-default\">Antonio Valero<\/h2>\t\t<\/div>\n\t\t\t\t<\/div>\n\t\t\t\t<div class=\"elementor-element elementor-element-20110e9 elementor-widget elementor-widget-text-editor\" data-id=\"20110e9\" data-element_type=\"widget\" data-widget_type=\"text-editor.default\">\n\t\t\t\t<div class=\"elementor-widget-container\">\n\t\t\t\t\t\t\tFormer director and CFO at TUI and Aldi. In recent years he worked as an independent financial consultant in the department for international buyers for  Santander Group (UCI). He specialised in complex mortgage financing with clients from various countries.\t\t\t\t\t\t<\/div>\n\t\t\t\t<\/div>\n\t\t\t\t\t<\/div>\n\t\t<\/div>\n\t\t\t\t\t<\/div>\n\t\t<\/section>\n\t\t\t\t<section class=\"elementor-section elementor-top-section elementor-element elementor-element-690003c elementor-section-content-top elementor-section-boxed elementor-section-height-default elementor-section-height-default\" data-id=\"690003c\" data-element_type=\"section\">\n\t\t\t\t\t\t<div class=\"elementor-container elementor-column-gap-default\">\n\t\t\t\t\t<div class=\"elementor-column elementor-col-50 elementor-top-column elementor-element elementor-element-f5e7195\" data-id=\"f5e7195\" data-element_type=\"column\">\n\t\t\t<div class=\"elementor-widget-wrap elementor-element-populated\">\n\t\t\t\t\t\t<div class=\"elementor-element elementor-element-8edfb76 elementor-widget elementor-widget-heading\" data-id=\"8edfb76\" data-element_type=\"widget\" data-widget_type=\"heading.default\">\n\t\t\t\t<div class=\"elementor-widget-container\">\n\t\t\t<h2 class=\"elementor-heading-title elementor-size-default\">Meet our team<\/h2>\t\t<\/div>\n\t\t\t\t<\/div>\n\t\t\t\t<div class=\"elementor-element elementor-element-ed17115 elementor-widget elementor-widget-text-editor\" data-id=\"ed17115\" data-element_type=\"widget\" data-widget_type=\"text-editor.default\">\n\t\t\t\t<div class=\"elementor-widget-container\">\n\t\t\t\t\t\t\t<p>If you have questions or need <span lang=\"ES\">information<\/span>, don&#8217;t hesitate to contact us! We are here to guide you every step of the way.<\/p>\t\t\t\t\t\t<\/div>\n\t\t\t\t<\/div>\n\t\t\t\t\t<\/div>\n\t\t<\/div>\n\t\t\t\t<div class=\"elementor-column elementor-col-50 elementor-top-column elementor-element elementor-element-3abcf65\" data-id=\"3abcf65\" data-element_type=\"column\" data-settings=\"{&quot;background_background&quot;:&quot;classic&quot;}\">\n\t\t\t<div class=\"elementor-widget-wrap elementor-element-populated\">\n\t\t\t\t\t\t<div class=\"elementor-element elementor-element-62dd2a6 elementor-widget elementor-widget-image\" data-id=\"62dd2a6\" data-element_type=\"widget\" data-widget_type=\"image.default\">\n\t\t\t\t<div class=\"elementor-widget-container\">\n\t\t\t\t\t\t\t\t\t\t\t\t\t<img decoding=\"async\" width=\"800\" height=\"533\" src=\"https:\/\/valero-capital.com\/wp-content\/uploads\/2024\/10\/Servicios-1-1024x682.jpg\" class=\"attachment-large size-large wp-image-827\" alt=\"\" srcset=\"https:\/\/valero-capital.com\/wp-content\/uploads\/2024\/10\/Servicios-1-1024x682.jpg 1024w, https:\/\/valero-capital.com\/wp-content\/uploads\/2024\/10\/Servicios-1-300x200.jpg 300w, https:\/\/valero-capital.com\/wp-content\/uploads\/2024\/10\/Servicios-1-768x512.jpg 768w, https:\/\/valero-capital.com\/wp-content\/uploads\/2024\/10\/Servicios-1.jpg 1400w\" sizes=\"(max-width: 800px) 100vw, 800px\" \/>\t\t\t\t\t\t\t\t\t\t\t\t\t<\/div>\n\t\t\t\t<\/div>\n\t\t\t\t\t<\/div>\n\t\t<\/div>\n\t\t\t\t\t<\/div>\n\t\t<\/section>\n\t\t\t\t<section class=\"elementor-section elementor-top-section elementor-element elementor-element-722f967 elementor-section-content-middle elementor-hidden-desktop elementor-hidden-tablet elementor-hidden-mobile elementor-section-boxed elementor-section-height-default elementor-section-height-default\" data-id=\"722f967\" data-element_type=\"section\">\n\t\t\t\t\t\t<div class=\"elementor-container elementor-column-gap-default\">\n\t\t\t\t\t<div class=\"elementor-column elementor-col-50 elementor-top-column elementor-element elementor-element-b7b05f0\" data-id=\"b7b05f0\" data-element_type=\"column\">\n\t\t\t<div class=\"elementor-widget-wrap elementor-element-populated\">\n\t\t\t\t\t\t<div class=\"elementor-element elementor-element-a6188e7 elementor-widget elementor-widget-text-editor\" data-id=\"a6188e7\" data-element_type=\"widget\" data-widget_type=\"text-editor.default\">\n\t\t\t\t<div class=\"elementor-widget-container\">\n\t\t\t\t\t\t\t<p>Valero Capital es un br\u00f3ker boutique de hipotecas de reciente creaci\u00f3n. La idea es dar al cliente un servicio m\u00e1s personalizado y exclusivo que otros brokers en el mercado.<\/p>\n<ul>\n<li>Trato individual y exclusivo<\/li>\n<li>An\u00e1lisis detallado de las operaciones independientemente de su complejidad<\/li>\n<li>Atenci\u00f3n todos los d\u00edas de la semana sin l\u00edmites de horario incluido fin de semanas y festivos<\/li>\n<li>Relaci\u00f3n directa con directivos de la banca y alto poder de negociaci\u00f3n<\/li>\n<\/ul>\t\t\t\t\t\t<\/div>\n\t\t\t\t<\/div>\n\t\t\t\t\t<\/div>\n\t\t<\/div>\n\t\t\t\t<div class=\"elementor-column elementor-col-50 elementor-top-column elementor-element elementor-element-bac008f\" data-id=\"bac008f\" data-element_type=\"column\" data-settings=\"{&quot;background_background&quot;:&quot;classic&quot;}\">\n\t\t\t<div class=\"elementor-widget-wrap elementor-element-populated\">\n\t\t\t\t\t\t<div class=\"elementor-element elementor-element-8e5a088 elementor-widget elementor-widget-image\" data-id=\"8e5a088\" data-element_type=\"widget\" data-widget_type=\"image.default\">\n\t\t\t\t<div class=\"elementor-widget-container\">\n\t\t\t\t\t\t\t\t\t\t\t\t\t<img decoding=\"async\" width=\"800\" height=\"534\" src=\"https:\/\/valero-capital.com\/wp-content\/uploads\/2024\/10\/lighthouse-in-balearic-islands-na-foradada-islet-2023-11-27-05-29-54-utc-1024x683.jpg\" class=\"attachment-large size-large wp-image-813\" alt=\"\" srcset=\"https:\/\/valero-capital.com\/wp-content\/uploads\/2024\/10\/lighthouse-in-balearic-islands-na-foradada-islet-2023-11-27-05-29-54-utc-1024x683.jpg 1024w, https:\/\/valero-capital.com\/wp-content\/uploads\/2024\/10\/lighthouse-in-balearic-islands-na-foradada-islet-2023-11-27-05-29-54-utc-300x200.jpg 300w, https:\/\/valero-capital.com\/wp-content\/uploads\/2024\/10\/lighthouse-in-balearic-islands-na-foradada-islet-2023-11-27-05-29-54-utc-768x512.jpg 768w, https:\/\/valero-capital.com\/wp-content\/uploads\/2024\/10\/lighthouse-in-balearic-islands-na-foradada-islet-2023-11-27-05-29-54-utc.jpg 1500w\" sizes=\"(max-width: 800px) 100vw, 800px\" \/>\t\t\t\t\t\t\t\t\t\t\t\t\t<\/div>\n\t\t\t\t<\/div>\n\t\t\t\t\t<\/div>\n\t\t<\/div>\n\t\t\t\t\t<\/div>\n\t\t<\/section>\n\t\t\t\t<\/div>\n\t\t","protected":false},"excerpt":{"rendered":"<p>Who we are Who we are Antonio Valero Former director and CFO at TUI and Aldi. In recent years he worked as an independent financial consultant in the department for international buyers for Santander Group (UCI). He specialised in complex mortgage financing with clients from various countries. Meet our team If you have questions or [&hellip;]<\/p>\n","protected":false},"author":1,"featured_media":0,"parent":0,"menu_order":0,"comment_status":"closed","ping_status":"closed","template":"elementor_header_footer","meta":{"footnotes":""},"class_list":["post-853","page","type-page","status-publish","hentry"],"aioseo_notices":[],"_links":{"self":[{"href":"https:\/\/valero-capital.com\/en\/wp-json\/wp\/v2\/pages\/853","targetHints":{"allow":["GET"]}}],"collection":[{"href":"https:\/\/valero-capital.com\/en\/wp-json\/wp\/v2\/pages"}],"about":[{"href":"https:\/\/valero-capital.com\/en\/wp-json\/wp\/v2\/types\/page"}],"author":[{"embeddable":true,"href":"https:\/\/valero-capital.com\/en\/wp-json\/wp\/v2\/users\/1"}],"replies":[{"embeddable":true,"href":"https:\/\/valero-capital.com\/en\/wp-json\/wp\/v2\/comments?post=853"}],"version-history":[{"count":7,"href":"https:\/\/valero-capital.com\/en\/wp-json\/wp\/v2\/pages\/853\/revisions"}],"predecessor-version":[{"id":1123,"href":"https:\/\/valero-capital.com\/en\/wp-json\/wp\/v2\/pages\/853\/revisions\/1123"}],"wp:attachment":[{"href":"https:\/\/valero-capital.com\/en\/wp-json\/wp\/v2\/media?parent=853"}],"curies":[{"name":"wp","href":"https:\/\/api.w.org\/{rel}","templated":true}]}}